{"id":1455,"date":"2022-12-12T13:22:24","date_gmt":"2022-12-12T12:22:24","guid":{"rendered":"https:\/\/zlinsky-barcamp.cz\/2022\/?page_id=1455"},"modified":"2023-10-26T09:20:13","modified_gmt":"2023-10-26T07:20:13","slug":"historie","status":"publish","type":"page","link":"https:\/\/zlinsky-barcamp.cz\/2023\/historie\/","title":{"rendered":"Historie"},"content":{"rendered":"\n<p>Minul\u00e9 ro\u010dn\u00edky Zl\u00ednsk\u00e9ho Barcampu<\/p>\n\n\n\n<h2 class=\"wp-block-heading\">22. dubna 2023<\/h2>\n\n\n\n<p>Konference o podnik\u00e1n\u00ed. Z\u00fa\u010dastnilo se t\u00e9m\u011b\u0159 p\u011bt set \u00fa\u010dastn\u00edk\u016f na 18 p\u0159edn\u00e1\u0161k\u00e1ch, workshopech. Sou\u010d\u00e1st\u00ed byla tak\u00e9 panelov\u00e1 diskuze a zaj\u00edmav\u00fd doprovodn\u00fd program.<\/p>\n\n\n\n<div class=\"wp-block-columns is-layout-flex wp-container-core-columns-is-layout-9d6595d7 wp-block-columns-is-layout-flex\">\n<div class=\"wp-block-column is-layout-flow wp-block-column-is-layout-flow\">\n<div class=\"wp-block-buttons is-layout-flex wp-block-buttons-is-layout-flex\">\n<div class=\"wp-block-button\"><a class=\"wp-block-button__link wp-element-button\" href=\"https:\/\/zlinsky-barcamp.cz\/2023\/fotogalerie-2023\/\">Fotogalerie<\/a><\/div>\n<\/div>\n<\/div>\n\n\n\n<div class=\"wp-block-column is-layout-flow wp-block-column-is-layout-flow\">\n<div class=\"wp-block-buttons is-layout-flex wp-block-buttons-is-layout-flex\">\n<div class=\"wp-block-button\"><a class=\"wp-block-button__link wp-element-button\" href=\"https:\/\/youtu.be\/s2BDpzT5KYY\" target=\"_blank\" rel=\"noreferrer noopener\">Video (YouTube)<\/a><\/div>\n<\/div>\n<\/div>\n\n\n\n<div class=\"wp-block-column is-layout-flow wp-block-column-is-layout-flow\">\n<div class=\"wp-block-buttons is-layout-flex wp-block-buttons-is-layout-flex\">\n<div class=\"wp-block-button\"><a class=\"wp-block-button__link wp-element-button\" href=\"https:\/\/zlinsky-barcamp.cz\/2023\/wp-content\/uploads\/2023\/04\/program-web.pdf\">Harmonogram<\/a><\/div>\n<\/div>\n<\/div>\n<\/div>\n\n\n\n<hr class=\"wp-block-separator has-alpha-channel-opacity\"\/>\n\n\n\n<h2 class=\"wp-block-heading\">4. \u010dervna 2022<\/h2>\n\n\n\n<p>Otev\u0159en\u00e1 konference o kreativit\u011b a podnik\u00e1n\u00ed prob\u011bhla v \u010dervnu v roce 2022 s podtitulem Podnik\u00e1n\u00ed  (nejen) pro mlad\u00e9 a kreativn\u00ed. Zaevidovali jsme 380 \u00fa\u010dastn\u00edk\u016f, prob\u011bhlo 28 p\u0159edn\u00e1\u0161ek a t\u0159i workshopy. Nejzaj\u00edmav\u011bj\u0161\u00ed p\u0159edn\u00e1\u0161ej\u00edc\u00ed v tomto ro\u010dn\u00edku byli Johny Machette, Ji\u0159\u00ed Hlavenka, V\u00e1clav Tomanec a dal\u0161\u00ed. <\/p>\n\n\n\n<div class=\"wp-block-columns is-layout-flex wp-container-core-columns-is-layout-9d6595d7 wp-block-columns-is-layout-flex\">\n<div class=\"wp-block-column is-layout-flow wp-block-column-is-layout-flow\">\n<div class=\"wp-block-buttons is-layout-flex wp-block-buttons-is-layout-flex\">\n<div class=\"wp-block-button\"><a class=\"wp-block-button__link wp-element-button\" href=\"https:\/\/zlinsky-barcamp.cz\/2023\/fotogalerie-2022\/\">Fotogalerie<\/a><\/div>\n<\/div>\n<\/div>\n\n\n\n<div class=\"wp-block-column is-layout-flow wp-block-column-is-layout-flow\">\n<div class=\"wp-block-buttons is-layout-flex wp-block-buttons-is-layout-flex\">\n<div class=\"wp-block-button\"><a class=\"wp-block-button__link wp-element-button\" href=\"https:\/\/zlinsky-barcamp.cz\/videogalerie-2022\/\">Videa (YouTube)<\/a><\/div>\n<\/div>\n<\/div>\n\n\n\n<div class=\"wp-block-column is-layout-flow wp-block-column-is-layout-flow\">\n<div class=\"wp-block-buttons is-layout-flex wp-block-buttons-is-layout-flex\">\n<div class=\"wp-block-button\"><a class=\"wp-block-button__link wp-element-button\" href=\"https:\/\/zlinsky-barcamp.cz\/2023\/harmonogram-2022\/\">Harmonogram<\/a><\/div>\n<\/div>\n<\/div>\n<\/div>\n\n\n\n<hr class=\"wp-block-separator has-alpha-channel-opacity\"\/>\n\n\n\n<h2 class=\"wp-block-heading\">21. dubna 2018<\/h2>\n\n\n\n<p>Konference o podnik\u00e1n\u00ed. Z\u00fa\u010dastnilo se p\u0159es dv\u011b stovky \u00fa\u010dastn\u00edk\u016f na 13 p\u0159edn\u00e1\u0161k\u00e1ch a \u010dty\u0159ech workshopech.<\/p>\n\n\n\n<div class=\"wp-block-columns is-layout-flex wp-container-core-columns-is-layout-9d6595d7 wp-block-columns-is-layout-flex\">\n<div class=\"wp-block-column is-layout-flow wp-block-column-is-layout-flow\">\n<div class=\"wp-block-buttons is-layout-flex wp-block-buttons-is-layout-flex\">\n<div class=\"wp-block-button\"><a class=\"wp-block-button__link wp-element-button\" href=\"https:\/\/zlinsky-barcamp.cz\/2023\/rocnik-2018\/\">Fotogalerie<\/a><\/div>\n<\/div>\n<\/div>\n\n\n\n<div class=\"wp-block-column is-layout-flow wp-block-column-is-layout-flow\">\n<div class=\"wp-block-buttons is-layout-flex wp-block-buttons-is-layout-flex\">\n<div class=\"wp-block-button\"><a class=\"wp-block-button__link wp-element-button\" href=\"https:\/\/www.youtube.com\/watch?v=T8PGmUn5RXc\">Video (YouTube)<\/a><\/div>\n<\/div>\n<\/div>\n\n\n\n<div class=\"wp-block-column is-layout-flow wp-block-column-is-layout-flow\"><\/div>\n<\/div>\n","protected":false},"excerpt":{"rendered":"<p>Minul\u00e9 ro\u010dn\u00edky Zl\u00ednsk\u00e9ho Barcampu 22. dubna 2023 Konference o podnik\u00e1n\u00ed. Z\u00fa\u010dastnilo se t\u00e9m\u011b\u0159 p\u011bt set \u00fa\u010dastn\u00edk\u016f na 18 p\u0159edn\u00e1\u0161k\u00e1ch, workshopech. Sou\u010d\u00e1st\u00ed byla tak\u00e9 panelov\u00e1 diskuze a zaj\u00edmav\u00fd doprovodn\u00fd program. 4. \u010dervna 2022 Otev\u0159en\u00e1 konference o kreativit\u011b a podnik\u00e1n\u00ed prob\u011bhla v \u010dervnu v roce 2022 s podtitulem Podnik\u00e1n\u00ed (nejen) pro mlad\u00e9 a kreativn\u00ed. Zaevidovali jsme 380&#8230;<\/p>\n","protected":false},"author":1,"featured_media":0,"parent":0,"menu_order":0,"comment_status":"closed","ping_status":"closed","template":"","meta":{"_kad_post_transparent":"","_kad_post_title":"","_kad_post_layout":"","_kad_post_sidebar_id":"","_kad_post_content_style":"","_kad_post_vertical_padding":"","_kad_post_feature":"","_kad_post_feature_position":"","_kad_post_header":false,"_kad_post_footer":false,"footnotes":""},"class_list":["post-1455","page","type-page","status-publish","hentry"],"_links":{"self":[{"href":"https:\/\/zlinsky-barcamp.cz\/2023\/wp-json\/wp\/v2\/pages\/1455","targetHints":{"allow":["GET"]}}],"collection":[{"href":"https:\/\/zlinsky-barcamp.cz\/2023\/wp-json\/wp\/v2\/pages"}],"about":[{"href":"https:\/\/zlinsky-barcamp.cz\/2023\/wp-json\/wp\/v2\/types\/page"}],"author":[{"embeddable":true,"href":"https:\/\/zlinsky-barcamp.cz\/2023\/wp-json\/wp\/v2\/users\/1"}],"replies":[{"embeddable":true,"href":"https:\/\/zlinsky-barcamp.cz\/2023\/wp-json\/wp\/v2\/comments?post=1455"}],"version-history":[{"count":0,"href":"https:\/\/zlinsky-barcamp.cz\/2023\/wp-json\/wp\/v2\/pages\/1455\/revisions"}],"wp:attachment":[{"href":"https:\/\/zlinsky-barcamp.cz\/2023\/wp-json\/wp\/v2\/media?parent=1455"}],"curies":[{"name":"wp","href":"https:\/\/api.w.org\/{rel}","templated":true}]}}