{"id":2045,"date":"2023-04-12T09:33:14","date_gmt":"2023-04-12T07:33:14","guid":{"rendered":"https:\/\/zlinsky-barcamp.cz\/?page_id=2045"},"modified":"2023-04-18T08:21:49","modified_gmt":"2023-04-18T06:21:49","slug":"pokyny-pro-ucastniky","status":"publish","type":"page","link":"https:\/\/zlinsky-barcamp.cz\/2023\/pokyny-pro-ucastniky\/","title":{"rendered":"Program a pokyny pro \u00fa\u010dastn\u00edky"},"content":{"rendered":"\n<div class=\"wp-block-columns is-layout-flex wp-container-core-columns-is-layout-9d6595d7 wp-block-columns-is-layout-flex\">\n<div class=\"wp-block-column is-layout-flow wp-block-column-is-layout-flow\">\n<h2 class=\"wp-block-heading\">PROGRAM DNE<\/h2>\n\n\n\n<p>Kompletn\u00ed \u010dasov\u00fd harmonogram soboty 22. dubna si p\u0159ehledn\u011b zobrazte v PDF souboru ke sta\u017een\u00ed.<\/p>\n\n\n\n<div class=\"wp-block-buttons is-layout-flex wp-block-buttons-is-layout-flex\">\n<div class=\"wp-block-button\"><a class=\"wp-block-button__link wp-element-button\" href=\"https:\/\/zlinsky-barcamp.cz\/wp-content\/uploads\/2023\/04\/program18-4.png\">PROGRAM P\u0158EHLEDN\u011a<\/a><\/div>\n<\/div>\n\n\n\n<p><a href=\"https:\/\/zlinsky-barcamp.cz\/wp-content\/uploads\/2023\/04\/program-web.pdf\">Program v PDF (44 kB) ke sta\u017een\u00ed.<\/a><\/p>\n<\/div>\n\n\n\n<div class=\"wp-block-column is-layout-flow wp-block-column-is-layout-flow\">\n<h2 class=\"wp-block-heading\">INFOPACK<\/h2>\n\n\n\n<p>V\u0161echny d\u016fle\u017eit\u00e9 informace pro \u00fa\u010dastn\u00edky na jednom m\u00edst\u011b v souboru PDF.<\/p>\n\n\n\n<div class=\"wp-block-buttons is-layout-flex wp-block-buttons-is-layout-flex\">\n<div class=\"wp-block-button\"><a class=\"wp-block-button__link wp-element-button\" href=\"https:\/\/zlinsky-barcamp.cz\/wp-content\/uploads\/2023\/04\/infopack2023.pdf\" target=\"_blank\" rel=\"noreferrer noopener\">INFOPACK (PDF)<\/a><\/div>\n<\/div>\n<\/div>\n<\/div>\n\n\n\n<hr class=\"wp-block-separator has-alpha-channel-opacity\"\/>\n\n\n\n<div class=\"wp-block-columns is-layout-flex wp-container-core-columns-is-layout-9d6595d7 wp-block-columns-is-layout-flex\">\n<div class=\"wp-block-column is-layout-flow wp-block-column-is-layout-flow\" style=\"flex-basis:66.66%\">\n<p>V&nbsp;r\u00e1mci leto\u0161n\u00edho ro\u010dn\u00edku pro v\u00e1s m\u00e1me novinku v&nbsp;podob\u011b zaji\u0161t\u011bn\u00ed ob\u011bd\u016f od spole\u010dnosti Baltaci. Sta\u010d\u00ed jen kliknout na QR k\u00f3d n\u00ed\u017ee (mus\u00edte b\u00fdt p\u0159ihl\u00e1\u0161eni ve va\u0161em internetov\u00e9m bankovnictv\u00ed) a nebo zaslat platbu bankovn\u00edm p\u0159evodem, a&nbsp;m\u016f\u017eete si vychutnat dvouchodov\u00e9 menu p\u0159\u00edmo u n\u00e1s ve foyer Fakulty managementu a&nbsp;ekonomiky. Ti z&nbsp;v\u00e1s, kte\u0159\u00ed si ob\u011bd dop\u0159edu p\u0159edplat\u00ed, ho budou m\u00edt zaji\u0161t\u011bn. <\/p>\n\n\n\n<h2 class=\"wp-block-heading\">JAK P\u0158EDPLATIT OB\u011aD<\/h2>\n\n\n\n<ol class=\"wp-block-list\">\n<li>Vyber si ob\u011bd z nab\u00eddky (<a href=\"https:\/\/zlinsky-barcamp.cz\/wp-content\/uploads\/2023\/04\/MENU-barcamp23.pdf\">ob\u011bdov\u00e1 nab\u00eddka j\u00eddel v PDF)<\/a>.<\/li>\n\n\n\n<li>P\u0159ihlas se do sv\u00e9ho internetov\u00e9ho bankovnictv\u00ed.<\/li>\n\n\n\n<li>Zadej platbu QR k\u00f3dem a do pozn\u00e1mky uve\u010f \u010d\u00edslo ob\u011bdu a sv\u00e9 jm\u00e9no.<\/li>\n\n\n\n<li>Potvr\u010f platbu ve sv\u00e9m internetov\u00e9m bankovnictv\u00ed.<\/li>\n\n\n\n<li>Pro ty, kte\u0159\u00ed preferuj\u00ed klasickou platbu, uv\u00e1d\u00edme i&nbsp;detaily pro p\u0159evod na bankovn\u00ed \u00fa\u010det: Baltaci CZ s.r.o., 5018578399\/0800, \u010d\u00e1stka: 185,00 K\u010d, <strong>Zpr\u00e1va pro p\u0159\u00edjemce: Va\u0161e jm\u00e9no a&nbsp;p\u0159\u00edjmen\u00ed, \u010d\u00edslo vybran\u00e9ho menu<\/strong>, variabiln\u00ed symbol (nepovinn\u00e9): 7023030. <\/li>\n\n\n\n<li>U registrace (od 9:00) obdr\u017e\u00ed\u0161 vyti\u0161t\u011bn\u00fd poukaz na vybran\u00fd ob\u011bd, kter\u00fd pak p\u0159ed\u00e1\u0161 obsluze.<\/li>\n\n\n\n<li>Ob\u011bdy jsou vyd\u00e1v\u00e1ny ve foyer Fakulty managementu a ekonomiky (p\u0159\u00edmo v m\u00edst\u011b Barcampu, tak\u017ee nikam nemus\u00ed\u0161 chodit), neboj bude v\u0161e dob\u0159e ozna\u010deno a cestu najde\u0161. <\/li>\n\n\n\n<li>Dobrou chu\u0165!<\/li>\n<\/ol>\n<\/div>\n\n\n\n<div class=\"wp-block-column is-layout-flow wp-block-column-is-layout-flow\" style=\"flex-basis:33.33%\">\n<figure class=\"wp-block-image size-full is-resized\"><img decoding=\"async\" src=\"https:\/\/zlinsky-barcamp.cz\/wp-content\/uploads\/2023\/04\/QR-obed.jpg\" alt=\"\" class=\"wp-image-2063\" width=\"420\" srcset=\"https:\/\/zlinsky-barcamp.cz\/2023\/wp-content\/uploads\/2023\/04\/QR-obed.jpg 496w, https:\/\/zlinsky-barcamp.cz\/2023\/wp-content\/uploads\/2023\/04\/QR-obed-300x300.jpg 300w, https:\/\/zlinsky-barcamp.cz\/2023\/wp-content\/uploads\/2023\/04\/QR-obed-150x150.jpg 150w\" sizes=\"(max-width: 496px) 100vw, 496px\" \/><\/figure>\n<\/div>\n<\/div>\n\n\n\n<hr class=\"wp-block-separator has-alpha-channel-opacity\"\/>\n\n\n\n<div class=\"wp-block-columns is-layout-flex wp-container-core-columns-is-layout-9d6595d7 wp-block-columns-is-layout-flex\">\n<div class=\"wp-block-column is-layout-flow wp-block-column-is-layout-flow\">\n<h2 class=\"wp-block-heading\">KDE SE BARCAMP KON\u00c1<\/h2>\n\n\n\n<p>Barcamp prob\u00edh\u00e1 v prostor\u00e1ch Univerzity Tom\u00e1\u0161e Bati ve Zl\u00edn\u011b. <br>Doporu\u010dujeme pou\u017e\u00edt<a rel=\"noreferrer noopener\" href=\"https:\/\/www.google.com\/maps?ll=49.221072,17.657667&amp;z=16&amp;t=m&amp;hl=cs&amp;gl=CZ&amp;mapclient=embed&amp;cid=4772485348462005980\" target=\"_blank\"> interaktivn\u00ed Google mapu zde.<\/a><\/p>\n<\/div>\n\n\n\n<div class=\"wp-block-column is-layout-flow wp-block-column-is-layout-flow\"><\/div>\n<\/div>\n\n\n\n<p><iframe loading=\"lazy\" style=\"border: 0;\" src=\"https:\/\/www.google.com\/maps\/embed?pb=!1m18!1m12!1m3!1d2605.9183693952223!2d17.65547871584701!3d49.22107518305461!2m3!1f0!2f0!3f0!3m2!1i1024!2i768!4f13.1!3m3!1m2!1s0x4713734cf933f6e1%3A0x423b462382d58edc!2sUniverzita%20Tom%C3%A1%C5%A1e%20Bati%20Zl%C3%ADn%20-%20Fakulta%20managementu%20a%20ekonomiky!5e0!3m2!1scs!2scz!4v1647934940356!5m2!1scs!2scz\" width=\"100%\" height=\"450\" allowfullscreen=\"allowfullscreen\"><\/iframe><\/p>\n","protected":false},"excerpt":{"rendered":"<p>PROGRAM DNE Kompletn\u00ed \u010dasov\u00fd harmonogram soboty 22. dubna si p\u0159ehledn\u011b zobrazte v PDF souboru ke sta\u017een\u00ed. Program v PDF (44 kB) ke sta\u017een\u00ed. INFOPACK V\u0161echny d\u016fle\u017eit\u00e9 informace pro \u00fa\u010dastn\u00edky na jednom m\u00edst\u011b v souboru PDF. V&nbsp;r\u00e1mci leto\u0161n\u00edho ro\u010dn\u00edku pro v\u00e1s m\u00e1me novinku v&nbsp;podob\u011b zaji\u0161t\u011bn\u00ed ob\u011bd\u016f od spole\u010dnosti Baltaci. Sta\u010d\u00ed jen kliknout na QR k\u00f3d n\u00ed\u017ee&#8230;<\/p>\n","protected":false},"author":1,"featured_media":0,"parent":0,"menu_order":0,"comment_status":"closed","ping_status":"closed","template":"","meta":{"_kad_post_transparent":"","_kad_post_title":"","_kad_post_layout":"","_kad_post_sidebar_id":"","_kad_post_content_style":"","_kad_post_vertical_padding":"","_kad_post_feature":"","_kad_post_feature_position":"","_kad_post_header":false,"_kad_post_footer":false,"footnotes":""},"class_list":["post-2045","page","type-page","status-publish","hentry"],"_links":{"self":[{"href":"https:\/\/zlinsky-barcamp.cz\/2023\/wp-json\/wp\/v2\/pages\/2045","targetHints":{"allow":["GET"]}}],"collection":[{"href":"https:\/\/zlinsky-barcamp.cz\/2023\/wp-json\/wp\/v2\/pages"}],"about":[{"href":"https:\/\/zlinsky-barcamp.cz\/2023\/wp-json\/wp\/v2\/types\/page"}],"author":[{"embeddable":true,"href":"https:\/\/zlinsky-barcamp.cz\/2023\/wp-json\/wp\/v2\/users\/1"}],"replies":[{"embeddable":true,"href":"https:\/\/zlinsky-barcamp.cz\/2023\/wp-json\/wp\/v2\/comments?post=2045"}],"version-history":[{"count":0,"href":"https:\/\/zlinsky-barcamp.cz\/2023\/wp-json\/wp\/v2\/pages\/2045\/revisions"}],"wp:attachment":[{"href":"https:\/\/zlinsky-barcamp.cz\/2023\/wp-json\/wp\/v2\/media?parent=2045"}],"curies":[{"name":"wp","href":"https:\/\/api.w.org\/{rel}","templated":true}]}}