{"id":245,"date":"2022-03-21T13:03:24","date_gmt":"2022-03-21T12:03:24","guid":{"rendered":"https:\/\/zlinsky-barcamp.cz\/2022\/?page_id=245"},"modified":"2022-03-24T14:19:50","modified_gmt":"2022-03-24T13:19:50","slug":"kontakt","status":"publish","type":"page","link":"https:\/\/zlinsky-barcamp.cz\/2023\/kontakt\/","title":{"rendered":"Kontakt"},"content":{"rendered":"\n<div class=\"wp-block-columns is-layout-flex wp-container-core-columns-is-layout-9d6595d7 wp-block-columns-is-layout-flex\">\n<div class=\"wp-block-column is-layout-flow wp-block-column-is-layout-flow\" style=\"padding-top:4%;padding-right:4%;padding-bottom:4%;padding-left:4%;flex-basis:50%\">\n<div class=\"wp-block-image is-style-rounded\"><figure class=\"aligncenter size-full is-resized\"><img loading=\"lazy\" decoding=\"async\" src=\"https:\/\/zlinsky-barcamp.cz\/2022\/wp-content\/uploads\/2022\/03\/pnovak.jpg\" alt=\"\" class=\"wp-image-306\" width=\"200\" height=\"200\" srcset=\"https:\/\/zlinsky-barcamp.cz\/2023\/wp-content\/uploads\/2022\/03\/pnovak.jpg 390w, https:\/\/zlinsky-barcamp.cz\/2023\/wp-content\/uploads\/2022\/03\/pnovak-300x300.jpg 300w, https:\/\/zlinsky-barcamp.cz\/2023\/wp-content\/uploads\/2022\/03\/pnovak-150x150.jpg 150w\" sizes=\"auto, (max-width: 200px) 100vw, 200px\" \/><\/figure><\/div>\n\n\n\n<p class=\"has-text-align-center\"><strong>Doc. Ing. Petr Nov\u00e1k, Ph.D.<\/strong><\/p>\n\n\n\n<p class=\"has-text-align-center\">Telefon: +420 737 276 570<br>Email: barcamp@utb.cz<\/p>\n<\/div>\n\n\n\n<div class=\"wp-block-column is-layout-flow wp-block-column-is-layout-flow\" style=\"padding-top:4%;padding-right:4%;padding-bottom:4%;padding-left:4%;flex-basis:50%\">\n<div class=\"wp-block-image is-style-rounded\"><figure class=\"aligncenter size-full is-resized\"><img loading=\"lazy\" decoding=\"async\" src=\"https:\/\/zlinsky-barcamp.cz\/2022\/wp-content\/uploads\/2022\/03\/sarka.jpg\" alt=\"\" class=\"wp-image-307\" width=\"200\" height=\"200\" srcset=\"https:\/\/zlinsky-barcamp.cz\/2023\/wp-content\/uploads\/2022\/03\/sarka.jpg 390w, https:\/\/zlinsky-barcamp.cz\/2023\/wp-content\/uploads\/2022\/03\/sarka-300x300.jpg 300w, https:\/\/zlinsky-barcamp.cz\/2023\/wp-content\/uploads\/2022\/03\/sarka-150x150.jpg 150w\" sizes=\"auto, (max-width: 200px) 100vw, 200px\" \/><\/figure><\/div>\n\n\n\n<p class=\"has-text-align-center\"><strong>Ing. Bc. \u0160\u00e1rka Papadaki, Ph.D.<\/strong><\/p>\n\n\n\n<p class=\"has-text-align-center\">Telefon: +420 734 640 343<br>E-mail: papadaki@utb.cz<\/p>\n<\/div>\n<\/div>\n\n\n\n<p><\/p>\n","protected":false},"excerpt":{"rendered":"<p>Doc. Ing. Petr Nov\u00e1k, Ph.D. Telefon: +420 737 276 570Email: barcamp@utb.cz Ing. Bc. \u0160\u00e1rka Papadaki, Ph.D. Telefon: +420 734 640 343E-mail: papadaki@utb.cz<\/p>\n","protected":false},"author":1,"featured_media":0,"parent":0,"menu_order":0,"comment_status":"closed","ping_status":"closed","template":"","meta":{"_kad_post_transparent":"","_kad_post_title":"","_kad_post_layout":"","_kad_post_sidebar_id":"","_kad_post_content_style":"","_kad_post_vertical_padding":"","_kad_post_feature":"","_kad_post_feature_position":"","_kad_post_header":false,"_kad_post_footer":false,"footnotes":""},"class_list":["post-245","page","type-page","status-publish","hentry"],"_links":{"self":[{"href":"https:\/\/zlinsky-barcamp.cz\/2023\/wp-json\/wp\/v2\/pages\/245","targetHints":{"allow":["GET"]}}],"collection":[{"href":"https:\/\/zlinsky-barcamp.cz\/2023\/wp-json\/wp\/v2\/pages"}],"about":[{"href":"https:\/\/zlinsky-barcamp.cz\/2023\/wp-json\/wp\/v2\/types\/page"}],"author":[{"embeddable":true,"href":"https:\/\/zlinsky-barcamp.cz\/2023\/wp-json\/wp\/v2\/users\/1"}],"replies":[{"embeddable":true,"href":"https:\/\/zlinsky-barcamp.cz\/2023\/wp-json\/wp\/v2\/comments?post=245"}],"version-history":[{"count":0,"href":"https:\/\/zlinsky-barcamp.cz\/2023\/wp-json\/wp\/v2\/pages\/245\/revisions"}],"wp:attachment":[{"href":"https:\/\/zlinsky-barcamp.cz\/2023\/wp-json\/wp\/v2\/media?parent=245"}],"curies":[{"name":"wp","href":"https:\/\/api.w.org\/{rel}","templated":true}]}}