{"id":96,"date":"2022-03-20T08:33:33","date_gmt":"2022-03-20T07:33:33","guid":{"rendered":"https:\/\/zlinsky-barcamp.cz\/2022\/?page_id=96"},"modified":"2023-04-24T08:30:06","modified_gmt":"2023-04-24T06:30:06","slug":"harmonogram","status":"publish","type":"page","link":"https:\/\/zlinsky-barcamp.cz\/2023\/harmonogram\/","title":{"rendered":"Harmonogram"},"content":{"rendered":"\n<p class=\"has-text-align-center\"><strong>Barcamp v \u010cesk\u00e9 republice snad u\u017e nemus\u00edme p\u0159edstavovat. <\/strong><br><strong>Tenhle je p\u0159esto speci\u00e1ln\u00ed, zam\u011b\u0159uje se na t\u00e9ma podnik\u00e1n\u00ed.<\/strong><\/p>\n\n\n\n<div class=\"wp-block-columns is-layout-flex wp-container-core-columns-is-layout-9d6595d7 wp-block-columns-is-layout-flex\">\n<div class=\"wp-block-column is-layout-flow wp-block-column-is-layout-flow\">\n<h2 class=\"wp-block-heading has-theme-palette-6-color has-text-color\">01<\/h2>\n\n\n\n<p><strong>Vyps\u00e1n\u00ed p\u0159edn\u00e1\u0161ek&nbsp;<\/strong><br>P\u0159edn\u00e1\u0161ky lze vypsat do <br>28. \u00fanora 2023<br><\/p>\n<\/div>\n\n\n\n<div class=\"wp-block-column is-layout-flow wp-block-column-is-layout-flow\">\n<h2 class=\"wp-block-heading has-theme-palette-6-color has-text-color\">02<\/h2>\n\n\n\n<p><strong>Hlasov\u00e1n\u00ed o p\u0159edn\u00e1\u0161k\u00e1ch&nbsp;<\/strong><br>Hlasov\u00e1n\u00ed je mo\u017en\u00e9 od <br>3. &#8211; 31. b\u0159ezna 2023<br><\/p>\n<\/div>\n\n\n\n<div class=\"wp-block-column is-layout-flow wp-block-column-is-layout-flow\">\n<h2 class=\"wp-block-heading has-theme-palette-6-color has-text-color\">03<\/h2>\n\n\n\n<p><strong>Zve\u0159ejn\u011bn\u00ed programu&nbsp;<\/strong><br>Program je vyhl\u00e1\u0161en od <br>10. dubna 2023<\/p>\n<\/div>\n\n\n\n<div class=\"wp-block-column is-layout-flow wp-block-column-is-layout-flow\">\n<h2 class=\"wp-block-heading has-theme-palette-1-color has-text-color\">04<\/h2>\n\n\n\n<p><strong>Barcamp <\/strong><br>Barcamp&nbsp;bude <br>22. dubna 2023 <\/p>\n<\/div>\n\n\n\n<div class=\"wp-block-column is-layout-flow wp-block-column-is-layout-flow\">\n<h2 class=\"wp-block-heading has-theme-palette-6-color has-text-color\">05<\/h2>\n\n\n\n<p><strong>Vyd\u00e1n\u00ed v\u00fdstupu<\/strong><br>V\u00fdstupy barcampu vyd\u00e1me online do 22. kv\u011btna 2023<\/p>\n<\/div>\n<\/div>\n\n\n\n<hr class=\"wp-block-separator has-css-opacity is-style-wide\"\/>\n\n\n\n<div class=\"wp-block-columns is-layout-flex wp-container-core-columns-is-layout-9d6595d7 wp-block-columns-is-layout-flex\">\n<div class=\"wp-block-column is-vertically-aligned-center is-layout-flow wp-block-column-is-layout-flow\">\n<div class=\"wp-block-buttons is-content-justification-center is-layout-flex wp-container-core-buttons-is-layout-16018d1d wp-block-buttons-is-layout-flex\">\n<div class=\"wp-block-button\"><a class=\"wp-block-button__link wp-element-button\" href=\"https:\/\/zlinsky-barcamp.cz\/wp-content\/uploads\/2023\/04\/program18-4.png\">PROGRAM<\/a><\/div>\n<\/div>\n\n\n\n<p class=\"has-text-align-center\"><a href=\"https:\/\/zlinsky-barcamp.cz\/wp-content\/uploads\/2023\/04\/program-web.pdf\">Program ke sta\u017een\u00ed<br>ve form\u00e1tu PDF (1,2 MB) <\/a><br><br><\/p>\n<\/div>\n\n\n\n<div class=\"wp-block-column is-layout-flow wp-block-column-is-layout-flow\">\n<div class=\"wp-block-buttons is-content-justification-center is-layout-flex wp-container-core-buttons-is-layout-16018d1d wp-block-buttons-is-layout-flex\">\n<div class=\"wp-block-button\"><a class=\"wp-block-button__link has-text-align-center wp-element-button\" href=\"https:\/\/zlinsky-barcamp.cz\/pokyny-pro-ucastniky\/\">POKYNY PRO \u00da\u010cASTN\u00cdKY<\/a><\/div>\n<\/div>\n\n\n\n<p class=\"has-text-align-center\">Informace k ob\u011bdu<br>Mapa<\/p>\n<\/div>\n<\/div>\n","protected":false},"excerpt":{"rendered":"<p>Barcamp v \u010cesk\u00e9 republice snad u\u017e nemus\u00edme p\u0159edstavovat. Tenhle je p\u0159esto speci\u00e1ln\u00ed, zam\u011b\u0159uje se na t\u00e9ma podnik\u00e1n\u00ed. 01 Vyps\u00e1n\u00ed p\u0159edn\u00e1\u0161ek&nbsp;P\u0159edn\u00e1\u0161ky lze vypsat do 28. \u00fanora 2023 02 Hlasov\u00e1n\u00ed o p\u0159edn\u00e1\u0161k\u00e1ch&nbsp;Hlasov\u00e1n\u00ed je mo\u017en\u00e9 od 3. &#8211; 31. b\u0159ezna 2023 03 Zve\u0159ejn\u011bn\u00ed programu&nbsp;Program je vyhl\u00e1\u0161en od 10. dubna 2023 04 Barcamp Barcamp&nbsp;bude 22. dubna 2023 05 Vyd\u00e1n\u00ed&#8230;<\/p>\n","protected":false},"author":1,"featured_media":0,"parent":0,"menu_order":0,"comment_status":"closed","ping_status":"closed","template":"","meta":{"_kad_post_transparent":"default","_kad_post_title":"default","_kad_post_layout":"default","_kad_post_sidebar_id":"sidebar-primary","_kad_post_content_style":"default","_kad_post_vertical_padding":"","_kad_post_feature":"","_kad_post_feature_position":"default","_kad_post_header":false,"_kad_post_footer":false,"footnotes":""},"class_list":["post-96","page","type-page","status-publish","hentry"],"_links":{"self":[{"href":"https:\/\/zlinsky-barcamp.cz\/2023\/wp-json\/wp\/v2\/pages\/96","targetHints":{"allow":["GET"]}}],"collection":[{"href":"https:\/\/zlinsky-barcamp.cz\/2023\/wp-json\/wp\/v2\/pages"}],"about":[{"href":"https:\/\/zlinsky-barcamp.cz\/2023\/wp-json\/wp\/v2\/types\/page"}],"author":[{"embeddable":true,"href":"https:\/\/zlinsky-barcamp.cz\/2023\/wp-json\/wp\/v2\/users\/1"}],"replies":[{"embeddable":true,"href":"https:\/\/zlinsky-barcamp.cz\/2023\/wp-json\/wp\/v2\/comments?post=96"}],"version-history":[{"count":0,"href":"https:\/\/zlinsky-barcamp.cz\/2023\/wp-json\/wp\/v2\/pages\/96\/revisions"}],"wp:attachment":[{"href":"https:\/\/zlinsky-barcamp.cz\/2023\/wp-json\/wp\/v2\/media?parent=96"}],"curies":[{"name":"wp","href":"https:\/\/api.w.org\/{rel}","templated":true}]}}